{"id":68,"date":"2025-05-30T02:33:29","date_gmt":"2025-05-30T02:33:29","guid":{"rendered":"https:\/\/sulfation.net\/home\/"},"modified":"2025-06-03T23:21:01","modified_gmt":"2025-06-03T23:21:01","slug":"home","status":"publish","type":"page","link":"https:\/\/sulfation.net\/fr\/","title":{"rendered":"Accueil"},"content":{"rendered":"<p>Concept<\/p>\n<p>Processus<\/p>\n<p>Sortie<\/p>\n<p>Cr\u00e9ation d\u2019exp\u00e9riences immersives gr\u00e2ce \u00e0 un concept cr\u00e9atif, \u00e0 la production, aux solutions techniques, au marketing et au support sur site.<\/p>\n\n\n\n<h2><br><\/h2>\n\n\n\n\n\n\n\n\n\n\n\n\n<hr><p>Engagement<\/p>\n\n<p>De l\u2019id\u00e9ation \u00e0 la livraison, nous collaborons avec vous \u00e0 chaque \u00e9tape \u2014 en am\u00e9liorant et optimisant votre projet du d\u00e9but \u00e0 la fin.<\/p>\n\n\n\n\n\n\n\n\n\n\n\n\n\n\n\n\n\n\n\n\n\n\n\n\n\n\n\n\n\n\n\n\n\n\n\n\n\n\n\n\n\n\n\n\n\n\n\n\n\n\n\n\n<hr><p>\u00c0 propos de nous<\/p>\n\n\n\n\n\n\n\n\n\n\n\n\n\n\n\n\n\n\n<p>Quelques mots sur nous<\/p>\n<p class=\"MsoNormal\">Sulfation est une collaboration entre deux artistes et producteurs qui partagent leur passion pour les arts num\u00e9riques et la musique \u00e9lectronique.<o:p><\/o:p><\/p>\n<p class=\"MsoNormal\">From Quebec, Canada, Meisam Nemati, founder of\n&#8220;Sulfation&#8221;, is an Audio-Visual artist and developer, creative\ntechnologist and Engineer, who specializes on creating 360, immersive and\ninteractive pieces.<o:p><\/o:p><\/p>\n<p class=\"MsoNormal\">Farshad Shokuhfar, bas\u00e9 en Allemagne, est un Tonmeister, technologue cr\u00e9atif et ing\u00e9nieur du son. Il se consacre \u00e0 la cr\u00e9ation de sons spatiaux et immersifs pour le th\u00e9\u00e2tre et les performances en direct.<o:p><\/o:p><\/p>\n\n\n\n\n\n<hr><p>Nos services<\/p>\n<p><br><\/p>\n\n\n<p style=\"line-height: 1.2;\"><span style=\"color: rgb(255, 255, 255);\">&nbsp;<\/span><\/p>\n\n\n<p style=\"line-height: 1.2;\"><span style=\"color: rgb(255, 255, 255);\">&nbsp;<\/span><\/p>\n\n\n<p style=\"line-height: 1.2;\"><span style=\"color: rgb(255, 255, 255);\">&nbsp;<\/span><\/p>\n\n\n<p style=\"line-height: 1.2;\"><span style=\"color: rgb(255, 255, 255);\">.<\/span><\/p>\n\n\n<p style=\"line-height: 1.2;\"><br><\/p>\n\n\n<p style=\"line-height: 1.2;\"><span style=\"color: rgb(255, 255, 255);\">.<\/span><\/p>\n\n\n\n\n\n\n\n\n\n\n\n\n\n\n\n\n\n\n\n\n\n<hr><p>Nos r\u00e9alisations<\/p>\n\nAu fil des ann\u00e9es, nous avons livr\u00e9 des projets exceptionnels et construit des partenariats solides au sein de la communaut\u00e9 et de l\u2019industrie.\n\n\n<p style=\"text-align: left;\"><font color=\"#ffffff\"><span style=\"font-size: 40px;\"><strong>Projets industriels<\/strong><\/span><\/font><\/p>\n\n\n<p style=\"text-align: left;\"><font color=\"#ffffff\"><span style=\"font-size: 40px;\"><b>Concerts et performances en direct<\/b><\/span><\/font><\/p>\n\n\n<p style=\"text-align: left;\"><font color=\"#ffffff\"><span style=\"font-size: 40px;\"><b>Cr\u00e9ations authentiques<\/b><\/span><\/font><\/p>\n\n\n<p style=\"text-align: left;\"><font color=\"#ffffff\"><span style=\"font-size: 40px;\"><b>Collaborations mondiales d\u2019\u00e9lite<\/b><\/span><\/font><b style=\"font-size: 40px; color: rgb(255, 255, 255); font-family: &quot;Open sans&quot;; background-color: initial;\">&nbsp;<\/b><\/p>\n\n\n\n\n\n\n\n\n\n\n\n\n\n\n\n\n\n\n\n<hr><p>Pourquoi nous choisir<\/p>\n\n\n\n<p style=\"text-align: left; font-size: 12px;\"><span style=\"color: rgb(255, 255, 255); font-size: 14px;\">we&#8217;re a established international team with twos studios in Quebec and Germany<\/span><\/p>\n\n\n<p style=\"text-align: left; font-size: 12px;\"><span style=\"color: rgb(255, 255, 255); font-size: 14px;\">collaboration \u00e0 plusieurs niveaux dans divers aspects du projet, de la cr\u00e9ation \u00e0 la gestion<\/span><\/p>\n\n\n<p style=\"text-align: left; font-size: 12px;\"><span style=\"color: rgb(255, 255, 255); font-size: 14px;\">Continuty of our service&nbsp; ensure the smotth running of your project<\/span><\/p>\n\n\n<p style=\"text-align: left;\"><font color=\"#ffffff\"><span style=\"font-size: 14px;\">adopter une mentalit\u00e9 \u00e0 360\u00b0 pour des solutions globales<\/span><\/font><\/p>\n\n\n\n\n\n\n\n\n\n\n\n\n\n\n<hr><p>Contactez-nous<\/p>\n\n<p>Let&#8217;s connect and bring your ideas to life<\/p>","protected":false},"excerpt":{"rendered":"","protected":false},"author":1,"featured_media":0,"parent":0,"menu_order":0,"comment_status":"closed","ping_status":"closed","template":"","meta":{"nf_dc_page":"","om_disable_all_campaigns":false,"pagelayer_contact_templates":[],"_pagelayer_content":"","footnotes":""},"class_list":["post-68","page","type-page","status-publish","hentry"],"yoast_head":"<!-- This site is optimized with the Yoast SEO plugin v27.4 - https:\/\/yoast.com\/product\/yoast-seo-wordpress\/ -->\n<title>Home - Sulfation\/Sulfatation<\/title>\n<meta name=\"robots\" content=\"index, follow, max-snippet:-1, max-image-preview:large, max-video-preview:-1\" \/>\n<link rel=\"canonical\" href=\"https:\/\/sulfation.net\/fr\/\" \/>\n<meta property=\"og:locale\" content=\"fr_CA\" \/>\n<meta property=\"og:type\" content=\"article\" \/>\n<meta property=\"og:title\" content=\"Home - Sulfation\/Sulfatation\" \/>\n<meta property=\"og:url\" content=\"https:\/\/sulfation.net\/fr\/\" \/>\n<meta property=\"og:site_name\" content=\"Sulfation\/Sulfatation\" \/>\n<meta property=\"article:modified_time\" content=\"2025-06-03T23:21:01+00:00\" \/>\n<meta name=\"twitter:card\" content=\"summary_large_image\" \/>\n<meta name=\"twitter:label1\" content=\"Estimation du temps de lecture\" \/>\n\t<meta name=\"twitter:data1\" content=\"1 minute\" \/>\n<script type=\"application\/ld+json\" class=\"yoast-schema-graph\">{\"@context\":\"https:\\\/\\\/schema.org\",\"@graph\":[{\"@type\":\"WebPage\",\"@id\":\"https:\\\/\\\/sulfation.net\\\/\",\"url\":\"https:\\\/\\\/sulfation.net\\\/\",\"name\":\"Home - Sulfation\\\/Sulfatation\",\"isPartOf\":{\"@id\":\"https:\\\/\\\/sulfation.net\\\/#website\"},\"datePublished\":\"2025-05-30T02:33:29+00:00\",\"dateModified\":\"2025-06-03T23:21:01+00:00\",\"breadcrumb\":{\"@id\":\"https:\\\/\\\/sulfation.net\\\/#breadcrumb\"},\"inLanguage\":\"fr-CA\",\"potentialAction\":[{\"@type\":\"ReadAction\",\"target\":[\"https:\\\/\\\/sulfation.net\\\/\"]}]},{\"@type\":\"BreadcrumbList\",\"@id\":\"https:\\\/\\\/sulfation.net\\\/#breadcrumb\",\"itemListElement\":[{\"@type\":\"ListItem\",\"position\":1,\"name\":\"Home\",\"item\":\"https:\\\/\\\/sulfation.net\\\/\"},{\"@type\":\"ListItem\",\"position\":2,\"name\":\"Home\"}]},{\"@type\":\"WebSite\",\"@id\":\"https:\\\/\\\/sulfation.net\\\/#website\",\"url\":\"https:\\\/\\\/sulfation.net\\\/\",\"name\":\"Sulfation\\\/Sulfatation\",\"description\":\"360, Immersive and fuldome digital art production\",\"potentialAction\":[{\"@type\":\"SearchAction\",\"target\":{\"@type\":\"EntryPoint\",\"urlTemplate\":\"https:\\\/\\\/sulfation.net\\\/?s={search_term_string}\"},\"query-input\":{\"@type\":\"PropertyValueSpecification\",\"valueRequired\":true,\"valueName\":\"search_term_string\"}}],\"inLanguage\":\"fr-CA\"}]}<\/script>\n<!-- \/ Yoast SEO plugin. -->","yoast_head_json":{"title":"Home - Sulfation\/Sulfatation","robots":{"index":"index","follow":"follow","max-snippet":"max-snippet:-1","max-image-preview":"max-image-preview:large","max-video-preview":"max-video-preview:-1"},"canonical":"https:\/\/sulfation.net\/fr\/","og_locale":"fr_CA","og_type":"article","og_title":"Home - Sulfation\/Sulfatation","og_url":"https:\/\/sulfation.net\/fr\/","og_site_name":"Sulfation\/Sulfatation","article_modified_time":"2025-06-03T23:21:01+00:00","twitter_card":"summary_large_image","twitter_misc":{"Estimation du temps de lecture":"1 minute"},"schema":{"@context":"https:\/\/schema.org","@graph":[{"@type":"WebPage","@id":"https:\/\/sulfation.net\/","url":"https:\/\/sulfation.net\/","name":"Home - Sulfation\/Sulfatation","isPartOf":{"@id":"https:\/\/sulfation.net\/#website"},"datePublished":"2025-05-30T02:33:29+00:00","dateModified":"2025-06-03T23:21:01+00:00","breadcrumb":{"@id":"https:\/\/sulfation.net\/#breadcrumb"},"inLanguage":"fr-CA","potentialAction":[{"@type":"ReadAction","target":["https:\/\/sulfation.net\/"]}]},{"@type":"BreadcrumbList","@id":"https:\/\/sulfation.net\/#breadcrumb","itemListElement":[{"@type":"ListItem","position":1,"name":"Home","item":"https:\/\/sulfation.net\/"},{"@type":"ListItem","position":2,"name":"Home"}]},{"@type":"WebSite","@id":"https:\/\/sulfation.net\/#website","url":"https:\/\/sulfation.net\/","name":"Sulfatation","description":"360, Immersive and fuldome digital art production","potentialAction":[{"@type":"SearchAction","target":{"@type":"EntryPoint","urlTemplate":"https:\/\/sulfation.net\/?s={search_term_string}"},"query-input":{"@type":"PropertyValueSpecification","valueRequired":true,"valueName":"search_term_string"}}],"inLanguage":"fr-CA"}]}},"jetpack_sharing_enabled":true,"_links":{"self":[{"href":"https:\/\/sulfation.net\/fr\/wp-json\/wp\/v2\/pages\/68","targetHints":{"allow":["GET"]}}],"collection":[{"href":"https:\/\/sulfation.net\/fr\/wp-json\/wp\/v2\/pages"}],"about":[{"href":"https:\/\/sulfation.net\/fr\/wp-json\/wp\/v2\/types\/page"}],"author":[{"embeddable":true,"href":"https:\/\/sulfation.net\/fr\/wp-json\/wp\/v2\/users\/1"}],"replies":[{"embeddable":true,"href":"https:\/\/sulfation.net\/fr\/wp-json\/wp\/v2\/comments?post=68"}],"version-history":[{"count":5,"href":"https:\/\/sulfation.net\/fr\/wp-json\/wp\/v2\/pages\/68\/revisions"}],"predecessor-version":[{"id":150,"href":"https:\/\/sulfation.net\/fr\/wp-json\/wp\/v2\/pages\/68\/revisions\/150"}],"wp:attachment":[{"href":"https:\/\/sulfation.net\/fr\/wp-json\/wp\/v2\/media?parent=68"}],"curies":[{"name":"wp","href":"https:\/\/api.w.org\/{rel}","templated":true}]}}